{"id":833,"date":"2023-04-26T19:04:17","date_gmt":"2023-04-26T19:04:17","guid":{"rendered":"https:\/\/sanjose.testapps.mx\/obregon\/?page_id=833"},"modified":"2023-12-29T19:31:10","modified_gmt":"2023-12-29T19:31:10","slug":"unidad-de-endoscopia","status":"publish","type":"page","link":"https:\/\/grupomedicosanjose.com\/obregon\/unidad-de-endoscopia\/","title":{"rendered":"Unidad de Endoscopia"},"content":{"rendered":"<p>[vc_section el_class=&#8221;container-fluid&#8221;][vc_row el_class=&#8221;container m-auto&#8221;][vc_column width=&#8221;9\/12&#8243;]\n            <div class=\"contenedor-titulo-destacado titulo-oculto \">\n                <p id=\"endoscopia\" class=\" text-start contenido\">\n                    Unidad de Endoscopia\n                <\/p>\n            <\/div>\n        \n            <div class=\"my-3 my-md-0 micss\">\n                <div class=\"intro  sup der\">\n                    \n                    <img decoding=\"async\" class=\"intro-img img-fluid my-0 mb-lg-0\" src=\"https:\/\/grupomedicosanjose.com\/obregon\/wp-content\/uploads\/sites\/8\/2023\/05\/Unidad-de-Endoscopia.png\" alt=\"\" \/>\n                     <div class=\"intro-text sup text-start  p-4 \" style=\"background-color:#ffffff ;\"> \n                                \n                                \n\n                                <div class=\"my-3 contenido-desfazado\">\n                                Es un \u00e1rea especializada en procedimientos endosc\u00f3picos ambulatorios que permiten precisar un di\u00e1gnostico de una variedad de padecimientos m\u00e9dicos con equipamiento de vanguardia<\/p>\n<p><a style=\"color: #fff; background-color: #852328; padding: 5px 10px; border-radius: 1rem;\" href=\"#beneficios\">Conoce m\u00e1s <\/a>\n                                <\/div>\n\n                                \n                            <\/div> \n                <\/div>\n            <\/div>\n        [vc_empty_space height=&#8221;52px&#8221;][\/vc_column][vc_column width=&#8221;3\/12&#8243;]\n                       \n        <style type=\"text\/css\">\n\n            .menu-lateral {\n                background-color: #852328;\n                color: #fff;\n                width: 240px;\n                z-index: 1;\n            }\n\n        <\/style>\n       \n                <div class=\"d-none d-md-flex \">\n                    <div class=\"menu-lateral p-3\">\n                        <ul id=\"menu\">\n\n                        <\/ul>\n                    <\/div>\n                <\/div>\n        [\/vc_column][\/vc_row][\/vc_section][vc_section el_class=&#8221;container-fluid&#8221;][vc_row el_class=&#8221;container m-auto&#8221;][vc_column width=&#8221;9\/12&#8243;][vc_row_inner][vc_column_inner width=&#8221;1\/2&#8243;][vc_single_image image=&#8221;1630&#8243; img_size=&#8221;full&#8221;][\/vc_column_inner][vc_column_inner width=&#8221;1\/2&#8243;]\n            <div class=\"contenedor-titulo-destacado mb-3 h3 \">\n                <p id=\"beneficios\" class=\" text-start contenido\">\n                    Beneficios\n                <\/p>\n            <\/div>\n        [vc_column_text]Diagn\u00f3stico preciso<br \/>\nLa endoscopia puede ayudar a los m\u00e9dicos a diagnosticar problemas internos en el cuerpo con mayor precisi\u00f3n que otros m\u00e9todos de diagn\u00f3stico.<\/p>\n<p>Tratamiento m\u00e1s efectivo<br \/>\nAdem\u00e1s de la diagnosis, la endoscopia tambi\u00e9n puede utilizarse para tratar ciertas condiciones. Por ejemplo, la endoscopia puede usarse para extirpar p\u00f3lipos en el colon o el recto antes de que se conviertan en cancerosos.<\/p>\n<p>Procedimiento menos invasivo<br \/>\nEs un procedimiento menos invasivo que la cirug\u00eda tradicional, lo que significa que hay menos dolor, menos cicatrices y un tiempo de recuperaci\u00f3n m\u00e1s r\u00e1pido.<\/p>\n<p>Reducci\u00f3n de la necesidad de hospitalizaci\u00f3n<br \/>\nEn algunos casos, la endoscopia puede realizarse en un entorno ambulatorio, lo que significa que el paciente no necesita ser hospitalizado y puede regresar a casa el mismo d\u00eda.<\/p>\n<p>Mayor comodidad para el paciente<br \/>\nPuede realizarse con sedaci\u00f3n o anestesia general, lo que puede hacer que el procedimiento sea m\u00e1s c\u00f3modo para el paciente.[\/vc_column_text][\/vc_column_inner][\/vc_row_inner][vc_empty_space][\/vc_column][vc_column width=&#8221;3\/12&#8243;][\/vc_column][\/vc_row][\/vc_section][vc_section el_class=&#8221;container-fluid&#8221;][vc_row el_class=&#8221;container m-auto&#8221;][vc_column width=&#8221;9\/12&#8243;]\n            <div class=\"contenedor-titulo-destacado mb-3 h3 \">\n                <p id=\"tipos-procedmiento\" class=\" text-start contenido\">\n                    Tipos de Procedimiento\n                <\/p>\n            <\/div>\n        [vc_row_inner][vc_column_inner width=&#8221;1\/2&#8243;][vc_column_text]Existen diferentes tipos de endoscopios en funci\u00f3n a la cavidad que se va explorar y pueden ser tubo digestivo alto y bajo, de v\u00edas biliares y v\u00edas respiratorias. La endoscopia puede ser diagnostica y terap\u00e9utica entre los procedimientos de diagn\u00f3stico que se realizan est\u00e1n:[\/vc_column_text]<div class=\"my-3 realizar-check position-relative\"><div class=\"img-check\" style=\"background-image:url(https:\/\/grupomedicosanjose.com\/obregon\/wp-content\/uploads\/sites\/8\/2023\/04\/procedimiento_diagnostico.png);\"><\/div><div class=\"rec-check\" ><p class=\"text-start  mb-0 h6\">Procedimientos de Diagn\u00f3stico<\/p><div class=\"descripcion-check my-3\"><\/p>\n<ul>\n<li>Broncoscopia<\/li>\n<li>Colonoscopia<\/li>\n<li>Laringoscopia<\/li>\n<li>Panendoscopia<\/li>\n<li>Rectosigmoidoscopia<\/li>\n<li>Manometr\u00eda Esof\u00e1gica<\/li>\n<li>PH-Metr\u00eda de 24 horas<\/li>\n<\/ul>\n<p><\/div><\/div><\/div>[\/vc_column_inner][vc_column_inner width=&#8221;1\/2&#8243;]<div class=\"my-3 realizar-check position-relative\"><div class=\"img-check\" style=\"background-image:url(https:\/\/grupomedicosanjose.com\/obregon\/wp-content\/uploads\/sites\/8\/2023\/07\/Procedimientos-Terapeuticos.png);\"><\/div><div class=\"rec-check\" ><p class=\"text-start  mb-0 h6\">Procedimientos Terap\u00e9uticos<\/p><div class=\"descripcion-check my-3\"><\/p>\n<ul>\n<li>Gastrostom\u00eda Percut\u00e1nea Transendoscopica<\/li>\n<li>Ligadura de Varices Esof\u00e1gicas<\/li>\n<li>Dilataciones de Estenosis<\/li>\n<li>Extracci\u00f3n de Cuerpos Extra\u00f1os<\/li>\n<li>Extracci\u00f3n de P\u00f3lipos de Tubo Digestivo alto y bajo \/ Polipectom\u00eda<\/li>\n<li>Aplicaci\u00f3n de Arg\u00f3n Plasma<\/li>\n<li>CPRE o Colangiopancreatografia Endosc\u00f3pica Terap\u00e9utica<\/li>\n<\/ul>\n<p><\/div><\/div><\/div>[\/vc_column_inner][\/vc_row_inner][vc_empty_space][vc_empty_space height=&#8221;0px&#8221; el_class=&#8221;intro footer&#8221;][\/vc_column][vc_column width=&#8221;3\/12&#8243;][\/vc_column][\/vc_row][\/vc_section][vc_section el_class=&#8221;container-fluid&#8221;][vc_row el_class=&#8221;container m-auto&#8221;][vc_column]\n            <div class=\"my-3 my-md-0 micss\">\n                <div class=\"intro  footer der\">\n                    <div class=\"conte-map\" style=\"background-color:#ffffff ;\">\n                                    <h2 class=\"h5\">Hospital San Jos\u00e9 Obreg\u00f3n<\/h2>\n                                    <a class=\"btn-principal\" href=\"\/obregon\/contacto\/\" >Cont\u00e1ctanos<\/a>\n                                <\/div>\n                    <img decoding=\"async\" class=\"intro-img img-fluid my-0 mb-lg-0\" src=\"https:\/\/grupomedicosanjose.com\/obregon\/wp-content\/uploads\/sites\/8\/2023\/07\/obregon.jpg\" alt=\"\" \/>\n                     <div class=\"intro-text footer text-start  p-4 \" style=\"background-color:#ffffff ;\">\n                                <p class=\"h4\">Cont\u00e1ctanos<\/p>\n                                <strong>No reelecci\u00f3n esq. con Coahuila s\/n, Col. Centro, Cd. Obreg\u00f3n, Sonora. C.P 85000<\/strong><\/p>\n<p><strong>Tel\u00e9fonos:<\/strong> (644) 410 9570\n                            <\/div>\n                <\/div>\n            <\/div>\n        [\/vc_column][\/vc_row][\/vc_section]<\/p>\n","protected":false},"excerpt":{"rendered":"<p>[vc_section el_class=&#8221;container-fluid&#8221;][vc_row el_class=&#8221;container m-auto&#8221;][vc_column width=&#8221;9\/12&#8243;][vc_empty_space height=&#8221;52px&#8221;][\/vc_column][vc_column width=&#8221;3\/12&#8243;][\/vc_column][\/vc_row][\/vc_section][vc_section el_class=&#8221;container-fluid&#8221;][vc_row el_class=&#8221;container m-auto&#8221;][vc_column width=&#8221;9\/12&#8243;][vc_row_inner][vc_column_inner width=&#8221;1\/2&#8243;][vc_single_image image=&#8221;1630&#8243; img_size=&#8221;full&#8221;][\/vc_column_inner][vc_column_inner width=&#8221;1\/2&#8243;][vc_column_text]Diagn\u00f3stico preciso La endoscopia puede ayudar a los m\u00e9dicos a diagnosticar problemas internos en el cuerpo con mayor precisi\u00f3n que otros m\u00e9todos de diagn\u00f3stico. Tratamiento m\u00e1s efectivo Adem\u00e1s de la diagnosis, la endoscopia tambi\u00e9n puede utilizarse para tratar ciertas condiciones. Por [&#8230;]<\/p>\n<p><a class=\"btn btn-secondary understrap-read-more-link\" href=\"https:\/\/grupomedicosanjose.com\/obregon\/unidad-de-endoscopia\/\">Read More&#8230;<span class=\"screen-reader-text\"> from Unidad de Endoscopia<\/span><\/a><\/p>\n","protected":false},"author":5,"featured_media":1148,"parent":0,"menu_order":0,"comment_status":"closed","ping_status":"closed","template":"templates\/plantilla-general.php","meta":{"_acf_changed":false,"footnotes":""},"class_list":["post-833","page","type-page","status-publish","has-post-thumbnail","hentry"],"acf":[],"yoast_head":"<!-- This site is optimized with the Yoast SEO plugin v27.1.1 - https:\/\/yoast.com\/product\/yoast-seo-wordpress\/ -->\n<title>Unidad de Endoscopia - Hospital San Jos\u00e9 Cd Obreg\u00f3n<\/title>\n<meta name=\"robots\" content=\"index, follow, max-snippet:-1, max-image-preview:large, max-video-preview:-1\" \/>\n<link rel=\"canonical\" href=\"https:\/\/grupomedicosanjose.com\/obregon\/unidad-de-endoscopia\/\" \/>\n<meta property=\"og:locale\" content=\"es_MX\" \/>\n<meta property=\"og:type\" content=\"article\" \/>\n<meta property=\"og:title\" content=\"Unidad de Endoscopia - Hospital San Jos\u00e9 Cd Obreg\u00f3n\" \/>\n<meta property=\"og:description\" content=\"[vc_section el_class=&#8221;container-fluid&#8221;][vc_row el_class=&#8221;container m-auto&#8221;][vc_column width=&#8221;9\/12&#8243;][vc_empty_space height=&#8221;52px&#8221;][\/vc_column][vc_column width=&#8221;3\/12&#8243;][\/vc_column][\/vc_row][\/vc_section][vc_section el_class=&#8221;container-fluid&#8221;][vc_row el_class=&#8221;container m-auto&#8221;][vc_column width=&#8221;9\/12&#8243;][vc_row_inner][vc_column_inner width=&#8221;1\/2&#8243;][vc_single_image image=&#8221;1630&#8243; img_size=&#8221;full&#8221;][\/vc_column_inner][vc_column_inner width=&#8221;1\/2&#8243;][vc_column_text]Diagn\u00f3stico preciso La endoscopia puede ayudar a los m\u00e9dicos a diagnosticar problemas internos en el cuerpo con mayor precisi\u00f3n que otros m\u00e9todos de diagn\u00f3stico. Tratamiento m\u00e1s efectivo Adem\u00e1s de la diagnosis, la endoscopia tambi\u00e9n puede utilizarse para tratar ciertas condiciones. Por [...]Read More... from Unidad de Endoscopia\" \/>\n<meta property=\"og:url\" content=\"https:\/\/grupomedicosanjose.com\/obregon\/unidad-de-endoscopia\/\" \/>\n<meta property=\"og:site_name\" content=\"Hospital San Jos\u00e9 Cd Obreg\u00f3n\" \/>\n<meta property=\"article:modified_time\" content=\"2023-12-29T19:31:10+00:00\" \/>\n<meta property=\"og:image\" content=\"https:\/\/grupomedicosanjose.com\/obregon\/wp-content\/uploads\/sites\/8\/2023\/05\/Unidad-de-Endoscopia.png\" \/>\n\t<meta property=\"og:image:width\" content=\"770\" \/>\n\t<meta property=\"og:image:height\" content=\"433\" \/>\n\t<meta property=\"og:image:type\" content=\"image\/png\" \/>\n<meta name=\"twitter:card\" content=\"summary_large_image\" \/>\n<meta name=\"twitter:label1\" content=\"Tiempo de lectura\" \/>\n\t<meta name=\"twitter:data1\" content=\"2 minutos\" \/>\n<script type=\"application\/ld+json\" class=\"yoast-schema-graph\">{\"@context\":\"https:\/\/schema.org\",\"@graph\":[{\"@type\":\"WebPage\",\"@id\":\"https:\/\/grupomedicosanjose.com\/obregon\/unidad-de-endoscopia\/\",\"url\":\"https:\/\/grupomedicosanjose.com\/obregon\/unidad-de-endoscopia\/\",\"name\":\"Unidad de Endoscopia - Hospital San Jos\u00e9 Cd Obreg\u00f3n\",\"isPartOf\":{\"@id\":\"https:\/\/grupomedicosanjose.com\/obregon\/#website\"},\"primaryImageOfPage\":{\"@id\":\"https:\/\/grupomedicosanjose.com\/obregon\/unidad-de-endoscopia\/#primaryimage\"},\"image\":{\"@id\":\"https:\/\/grupomedicosanjose.com\/obregon\/unidad-de-endoscopia\/#primaryimage\"},\"thumbnailUrl\":\"https:\/\/grupomedicosanjose.com\/obregon\/wp-content\/uploads\/sites\/8\/2023\/05\/Unidad-de-Endoscopia.png\",\"datePublished\":\"2023-04-26T19:04:17+00:00\",\"dateModified\":\"2023-12-29T19:31:10+00:00\",\"breadcrumb\":{\"@id\":\"https:\/\/grupomedicosanjose.com\/obregon\/unidad-de-endoscopia\/#breadcrumb\"},\"inLanguage\":\"es\",\"potentialAction\":[{\"@type\":\"ReadAction\",\"target\":[\"https:\/\/grupomedicosanjose.com\/obregon\/unidad-de-endoscopia\/\"]}]},{\"@type\":\"ImageObject\",\"inLanguage\":\"es\",\"@id\":\"https:\/\/grupomedicosanjose.com\/obregon\/unidad-de-endoscopia\/#primaryimage\",\"url\":\"https:\/\/grupomedicosanjose.com\/obregon\/wp-content\/uploads\/sites\/8\/2023\/05\/Unidad-de-Endoscopia.png\",\"contentUrl\":\"https:\/\/grupomedicosanjose.com\/obregon\/wp-content\/uploads\/sites\/8\/2023\/05\/Unidad-de-Endoscopia.png\",\"width\":770,\"height\":433},{\"@type\":\"BreadcrumbList\",\"@id\":\"https:\/\/grupomedicosanjose.com\/obregon\/unidad-de-endoscopia\/#breadcrumb\",\"itemListElement\":[{\"@type\":\"ListItem\",\"position\":1,\"name\":\"Home\",\"item\":\"https:\/\/grupomedicosanjose.com\/obregon\/\"},{\"@type\":\"ListItem\",\"position\":2,\"name\":\"Unidad de Endoscopia\"}]},{\"@type\":\"WebSite\",\"@id\":\"https:\/\/grupomedicosanjose.com\/obregon\/#website\",\"url\":\"https:\/\/grupomedicosanjose.com\/obregon\/\",\"name\":\"Hospital San Jos\u00e9 Cd Obreg\u00f3n\",\"description\":\"\",\"publisher\":{\"@id\":\"https:\/\/grupomedicosanjose.com\/obregon\/#organization\"},\"potentialAction\":[{\"@type\":\"SearchAction\",\"target\":{\"@type\":\"EntryPoint\",\"urlTemplate\":\"https:\/\/grupomedicosanjose.com\/obregon\/?s={search_term_string}\"},\"query-input\":{\"@type\":\"PropertyValueSpecification\",\"valueRequired\":true,\"valueName\":\"search_term_string\"}}],\"inLanguage\":\"es\"},{\"@type\":\"Organization\",\"@id\":\"https:\/\/grupomedicosanjose.com\/obregon\/#organization\",\"name\":\"Hospital San Jos\u00e9 Cd Obreg\u00f3n\",\"url\":\"https:\/\/grupomedicosanjose.com\/obregon\/\",\"logo\":{\"@type\":\"ImageObject\",\"inLanguage\":\"es\",\"@id\":\"https:\/\/grupomedicosanjose.com\/obregon\/#\/schema\/logo\/image\/\",\"url\":\"https:\/\/grupomedicosanjose.com\/obregon\/wp-content\/uploads\/sites\/8\/2026\/03\/logo-hsjo.png\",\"contentUrl\":\"https:\/\/grupomedicosanjose.com\/obregon\/wp-content\/uploads\/sites\/8\/2026\/03\/logo-hsjo.png\",\"width\":58,\"height\":76,\"caption\":\"Hospital San Jos\u00e9 Cd Obreg\u00f3n\"},\"image\":{\"@id\":\"https:\/\/grupomedicosanjose.com\/obregon\/#\/schema\/logo\/image\/\"}}]}<\/script>\n<!-- \/ Yoast SEO plugin. -->","yoast_head_json":{"title":"Unidad de Endoscopia - Hospital San Jos\u00e9 Cd Obreg\u00f3n","robots":{"index":"index","follow":"follow","max-snippet":"max-snippet:-1","max-image-preview":"max-image-preview:large","max-video-preview":"max-video-preview:-1"},"canonical":"https:\/\/grupomedicosanjose.com\/obregon\/unidad-de-endoscopia\/","og_locale":"es_MX","og_type":"article","og_title":"Unidad de Endoscopia - Hospital San Jos\u00e9 Cd Obreg\u00f3n","og_description":"[vc_section el_class=&#8221;container-fluid&#8221;][vc_row el_class=&#8221;container m-auto&#8221;][vc_column width=&#8221;9\/12&#8243;][vc_empty_space height=&#8221;52px&#8221;][\/vc_column][vc_column width=&#8221;3\/12&#8243;][\/vc_column][\/vc_row][\/vc_section][vc_section el_class=&#8221;container-fluid&#8221;][vc_row el_class=&#8221;container m-auto&#8221;][vc_column width=&#8221;9\/12&#8243;][vc_row_inner][vc_column_inner width=&#8221;1\/2&#8243;][vc_single_image image=&#8221;1630&#8243; img_size=&#8221;full&#8221;][\/vc_column_inner][vc_column_inner width=&#8221;1\/2&#8243;][vc_column_text]Diagn\u00f3stico preciso La endoscopia puede ayudar a los m\u00e9dicos a diagnosticar problemas internos en el cuerpo con mayor precisi\u00f3n que otros m\u00e9todos de diagn\u00f3stico. Tratamiento m\u00e1s efectivo Adem\u00e1s de la diagnosis, la endoscopia tambi\u00e9n puede utilizarse para tratar ciertas condiciones. Por [...]Read More... from Unidad de Endoscopia","og_url":"https:\/\/grupomedicosanjose.com\/obregon\/unidad-de-endoscopia\/","og_site_name":"Hospital San Jos\u00e9 Cd Obreg\u00f3n","article_modified_time":"2023-12-29T19:31:10+00:00","og_image":[{"width":770,"height":433,"url":"https:\/\/grupomedicosanjose.com\/obregon\/wp-content\/uploads\/sites\/8\/2023\/05\/Unidad-de-Endoscopia.png","type":"image\/png"}],"twitter_card":"summary_large_image","twitter_misc":{"Tiempo de lectura":"2 minutos"},"schema":{"@context":"https:\/\/schema.org","@graph":[{"@type":"WebPage","@id":"https:\/\/grupomedicosanjose.com\/obregon\/unidad-de-endoscopia\/","url":"https:\/\/grupomedicosanjose.com\/obregon\/unidad-de-endoscopia\/","name":"Unidad de Endoscopia - Hospital San Jos\u00e9 Cd Obreg\u00f3n","isPartOf":{"@id":"https:\/\/grupomedicosanjose.com\/obregon\/#website"},"primaryImageOfPage":{"@id":"https:\/\/grupomedicosanjose.com\/obregon\/unidad-de-endoscopia\/#primaryimage"},"image":{"@id":"https:\/\/grupomedicosanjose.com\/obregon\/unidad-de-endoscopia\/#primaryimage"},"thumbnailUrl":"https:\/\/grupomedicosanjose.com\/obregon\/wp-content\/uploads\/sites\/8\/2023\/05\/Unidad-de-Endoscopia.png","datePublished":"2023-04-26T19:04:17+00:00","dateModified":"2023-12-29T19:31:10+00:00","breadcrumb":{"@id":"https:\/\/grupomedicosanjose.com\/obregon\/unidad-de-endoscopia\/#breadcrumb"},"inLanguage":"es","potentialAction":[{"@type":"ReadAction","target":["https:\/\/grupomedicosanjose.com\/obregon\/unidad-de-endoscopia\/"]}]},{"@type":"ImageObject","inLanguage":"es","@id":"https:\/\/grupomedicosanjose.com\/obregon\/unidad-de-endoscopia\/#primaryimage","url":"https:\/\/grupomedicosanjose.com\/obregon\/wp-content\/uploads\/sites\/8\/2023\/05\/Unidad-de-Endoscopia.png","contentUrl":"https:\/\/grupomedicosanjose.com\/obregon\/wp-content\/uploads\/sites\/8\/2023\/05\/Unidad-de-Endoscopia.png","width":770,"height":433},{"@type":"BreadcrumbList","@id":"https:\/\/grupomedicosanjose.com\/obregon\/unidad-de-endoscopia\/#breadcrumb","itemListElement":[{"@type":"ListItem","position":1,"name":"Home","item":"https:\/\/grupomedicosanjose.com\/obregon\/"},{"@type":"ListItem","position":2,"name":"Unidad de Endoscopia"}]},{"@type":"WebSite","@id":"https:\/\/grupomedicosanjose.com\/obregon\/#website","url":"https:\/\/grupomedicosanjose.com\/obregon\/","name":"Hospital San Jos\u00e9 Cd Obreg\u00f3n","description":"","publisher":{"@id":"https:\/\/grupomedicosanjose.com\/obregon\/#organization"},"potentialAction":[{"@type":"SearchAction","target":{"@type":"EntryPoint","urlTemplate":"https:\/\/grupomedicosanjose.com\/obregon\/?s={search_term_string}"},"query-input":{"@type":"PropertyValueSpecification","valueRequired":true,"valueName":"search_term_string"}}],"inLanguage":"es"},{"@type":"Organization","@id":"https:\/\/grupomedicosanjose.com\/obregon\/#organization","name":"Hospital San Jos\u00e9 Cd Obreg\u00f3n","url":"https:\/\/grupomedicosanjose.com\/obregon\/","logo":{"@type":"ImageObject","inLanguage":"es","@id":"https:\/\/grupomedicosanjose.com\/obregon\/#\/schema\/logo\/image\/","url":"https:\/\/grupomedicosanjose.com\/obregon\/wp-content\/uploads\/sites\/8\/2026\/03\/logo-hsjo.png","contentUrl":"https:\/\/grupomedicosanjose.com\/obregon\/wp-content\/uploads\/sites\/8\/2026\/03\/logo-hsjo.png","width":58,"height":76,"caption":"Hospital San Jos\u00e9 Cd Obreg\u00f3n"},"image":{"@id":"https:\/\/grupomedicosanjose.com\/obregon\/#\/schema\/logo\/image\/"}}]}},"_links":{"self":[{"href":"https:\/\/grupomedicosanjose.com\/obregon\/wp-json\/wp\/v2\/pages\/833","targetHints":{"allow":["GET"]}}],"collection":[{"href":"https:\/\/grupomedicosanjose.com\/obregon\/wp-json\/wp\/v2\/pages"}],"about":[{"href":"https:\/\/grupomedicosanjose.com\/obregon\/wp-json\/wp\/v2\/types\/page"}],"author":[{"embeddable":true,"href":"https:\/\/grupomedicosanjose.com\/obregon\/wp-json\/wp\/v2\/users\/5"}],"replies":[{"embeddable":true,"href":"https:\/\/grupomedicosanjose.com\/obregon\/wp-json\/wp\/v2\/comments?post=833"}],"version-history":[{"count":11,"href":"https:\/\/grupomedicosanjose.com\/obregon\/wp-json\/wp\/v2\/pages\/833\/revisions"}],"predecessor-version":[{"id":2079,"href":"https:\/\/grupomedicosanjose.com\/obregon\/wp-json\/wp\/v2\/pages\/833\/revisions\/2079"}],"wp:featuredmedia":[{"embeddable":true,"href":"https:\/\/grupomedicosanjose.com\/obregon\/wp-json\/wp\/v2\/media\/1148"}],"wp:attachment":[{"href":"https:\/\/grupomedicosanjose.com\/obregon\/wp-json\/wp\/v2\/media?parent=833"}],"curies":[{"name":"wp","href":"https:\/\/api.w.org\/{rel}","templated":true}]}}