{"id":1985,"date":"2023-10-09T17:11:39","date_gmt":"2023-10-09T17:11:39","guid":{"rendered":"https:\/\/sanjose.testapps.mx\/obregon\/?page_id=1985"},"modified":"2023-10-09T17:16:31","modified_gmt":"2023-10-09T17:16:31","slug":"unidad-de-cuidados-intensivos-neonatales-2","status":"publish","type":"page","link":"https:\/\/grupomedicosanjose.com\/obregon\/unidad-de-cuidados-intensivos-neonatales-2\/","title":{"rendered":"Unidad de Cuidados Intensivos Neonatales"},"content":{"rendered":"<p>[vc_section el_class=&#8221;container-fluid&#8221;][vc_row el_class=&#8221;container m-auto&#8221;][vc_column width=&#8221;9\/12&#8243;]\n            <div class=\"contenedor-titulo-destacado titulo-oculto \">\n                <p id=\"unidad-cuidados\" class=\" text-start contenido\">\n                    Unidad de Cuidados Intensivos Neonatales\n                <\/p>\n            <\/div>\n        \n            <div class=\"my-3 my-md-0 micss\">\n                <div class=\"intro  sup der\">\n                    \n                    <img decoding=\"async\" class=\"intro-img img-fluid my-0 mb-lg-0\" src=\"https:\/\/grupomedicosanjose.com\/obregon\/wp-content\/uploads\/sites\/8\/2023\/10\/UCIN-4.jpg\" alt=\"\" \/>\n                     <div class=\"intro-text sup text-start  p-4 \" style=\"background-color:#ffffff ;\"> \n                                \n                                \n\n                                <div class=\"my-3 contenido-desfazado\">\n                                Nuestra UCIN cuenta con tecnolog\u00eda, infraestructura de vanguardia, y dispositivos de monitorizaci\u00f3n complejos dise\u00f1ados para satisfacer las necesidades espec\u00edficas de los reci\u00e9n nacidos, prematuros y de termino con patolog\u00edas cr\u00f3nicas.<\/p>\n<ul>\n<li>Incubadora de \u00faltima generaci\u00f3n y monitoreo neonatal.<\/li>\n<li>Contamos con equipos<\/li>\n<\/ul>\n<p>\n                                <\/div>\n\n                                \n                            <\/div> \n                <\/div>\n            <\/div>\n        [vc_empty_space height=&#8221;120px&#8221; el_class=&#8221;d-none d-md-block&#8221;][\/vc_column][vc_column width=&#8221;3\/12&#8243;]\n                       \n        <style type=\"text\/css\">\n\n            .menu-lateral {\n                background-color: #852328;\n                color: #fff;\n                width: 240px;\n                z-index: 1;\n            }\n\n        <\/style>\n       \n                <div class=\"d-none d-md-flex \">\n                    <div class=\"menu-lateral p-3\">\n                        <ul id=\"menu\">\n\n                        <\/ul>\n                    <\/div>\n                <\/div>\n        [\/vc_column][\/vc_row][\/vc_section][vc_section css=&#8221;.vc_custom_1682445261025{background-color: #f7f7f7 !important;}&#8221; el_class=&#8221;container-fluid&#8221;][vc_row el_class=&#8221;container m-auto&#8221;][vc_column width=&#8221;9\/12&#8243;]\n            <div class=\"contenedor-titulo-destacado mb-3 h3 \">\n                <p id=\"por-que-elegirnos\" class=\" text-start contenido\">\n                    \u00bfPor qu\u00e9 elegirnos?\n                <\/p>\n            <\/div>\n        [vc_row_inner][vc_column_inner width=&#8221;1\/2&#8243;][vc_column_text]<\/p>\n<ul>\n<li class=\"li1\">Hospital Certificado.<\/li>\n<li class=\"li1\">Tecnolog\u00eda de Punta.<\/li>\n<li class=\"li1\">\u00danica Unidad de Cuidados Intensivos Neonatales y Pedi\u00e1tricos de la Ciudad.<\/li>\n<\/ul>\n<p>[\/vc_column_text][\/vc_column_inner][vc_column_inner width=&#8221;1\/2&#8243;][vc_column_text]<\/p>\n<ul>\n<li class=\"li1\">Equipo Multidisciplinario al cuidado del beb\u00e9 las 24 horas del d\u00eda.<\/li>\n<li class=\"li1\">Atenci\u00f3n M\u00e9dica Especializada 24\/7.<\/li>\n<\/ul>\n<p>[\/vc_column_text][\/vc_column_inner][\/vc_row_inner][\/vc_column][vc_column width=&#8221;3\/12&#8243;][\/vc_column][\/vc_row][\/vc_section][vc_section el_class=&#8221;container-fluid&#8221;][vc_row el_class=&#8221;container m-auto&#8221;][vc_column width=&#8221;9\/12&#8243;]\n            <div class=\"contenedor-titulo-destacado mb-3 h3 \">\n                <p id=\"cuidados\" class=\" text-start contenido\">\n                    Cuidados Intensivos Neonatales\n                <\/p>\n            <\/div>\n        [vc_row_inner equal_height=&#8221;yes&#8221; content_placement=&#8221;top&#8221;][vc_column_inner width=&#8221;1\/2&#8243;][vc_single_image image=&#8221;1987&#8243; img_size=&#8221;full&#8221;][\/vc_column_inner][vc_column_inner width=&#8221;1\/2&#8243;][vc_column_text]La UCIN brinda cuidados especializados a beb\u00e9s prematuros o reci\u00e9n nacidos con problemas de salud al nacimiento.<\/p>\n<p>Equipada con la mejor tecnolog\u00eda en:<\/p>\n<ul class=\"ul1\">\n<li class=\"li1\">Incubadoras<\/li>\n<li class=\"li1\">Monitores de signos vitales<\/li>\n<li class=\"li1\">Ventiladores<\/li>\n<li class=\"li1\">Basculas<\/li>\n<li class=\"li1\">Estetoscopios<\/li>\n<li class=\"li1\">Negatoscopio<\/li>\n<li class=\"li1\">Fototerapias<\/li>\n<li class=\"li1\">Monitor para tamizaje<\/li>\n<li class=\"li1\">Nebulizador<\/li>\n<li class=\"li1\">Torres CPAP<\/li>\n<li class=\"li1\">Reanimador neonatal<\/li>\n<li class=\"li1\">Insumos Cat\u00e9teres<\/li>\n<\/ul>\n<p>[\/vc_column_text][\/vc_column_inner][\/vc_row_inner][vc_row_inner equal_height=&#8221;yes&#8221; content_placement=&#8221;top&#8221;][vc_column_inner width=&#8221;1\/2&#8243;]\n            <div class=\"contenedor-titulo-destacado mb-3 h3 \">\n                <p id=\"tecnologia\" class=\" text-start contenido\">\n                    Tecnolog\u00eda\n                <\/p>\n            <\/div>\n        [vc_column_text]Nuestra UCIN cuenta con tecnolog\u00eda, infraestructura de vanguardia, y dispositivos de monitorizaci\u00f3n complejos dise\u00f1ados para satisfacer las necesidades espec\u00edficas de los reci\u00e9n nacidos, prematuros y de termino con patolog\u00edas cr\u00f3nicas.<\/p>\n<ul class=\"ul1\">\n<li class=\"li1\">Incubadora de \u00faltima generaci\u00f3n y monitoreo neonatal.<\/li>\n<li class=\"li1\">En los cuneros fisiol\u00f3gicos los neonatos est\u00e1n a cargo de neonat\u00f3logos y enfermeros especialistas las 24 horas del d\u00eda, que garantizan su seguridad en la vigilancia de las primeras horas de vida.<\/li>\n<\/ul>\n<p>[\/vc_column_text][\/vc_column_inner][vc_column_inner width=&#8221;1\/2&#8243;][vc_single_image image=&#8221;1989&#8243; img_size=&#8221;full&#8221;][\/vc_column_inner][\/vc_row_inner][vc_row_inner equal_height=&#8221;yes&#8221; content_placement=&#8221;top&#8221;][vc_column_inner width=&#8221;1\/2&#8243;][vc_single_image image=&#8221;1990&#8243; img_size=&#8221;full&#8221;][\/vc_column_inner][vc_column_inner width=&#8221;1\/2&#8243;]\n            <div class=\"contenedor-titulo-destacado mb-3 h3 \">\n                <p id=\"pediatricos\" class=\" text-start contenido\">\n                    Unidad de Cuidados Intensivos Pedi\u00e1tricos\n                <\/p>\n            <\/div>\n        [vc_column_text]La UCIP brinda cuidados especializados a ni\u00f1os con problemas graves de salud ingresados a esta unidad, ya que requieren vigilancia en todo momento, as\u00ed como cuidados especiales. Equipada con la mejor tecnolog\u00eda en:<\/p>\n<ul class=\"ul1\">\n<li class=\"li1\">Cunas pedi\u00e1tricas<\/li>\n<li class=\"li1\">Cama para cuidados cr\u00edticos<\/li>\n<li class=\"li1\">Ventiladores<\/li>\n<li class=\"li1\">Basculas<\/li>\n<li class=\"li1\">Negatoscopio<\/li>\n<li class=\"li1\">Electrocardi\u00f3grafo<\/li>\n<li class=\"li1\">Nebulizador<\/li>\n<li class=\"li1\">Equipo para terapia de alto flujo<\/li>\n<li class=\"li1\">Blender<\/li>\n<\/ul>\n<p>[\/vc_column_text][\/vc_column_inner][\/vc_row_inner][vc_empty_space][\/vc_column][vc_column width=&#8221;3\/12&#8243;][\/vc_column][\/vc_row][\/vc_section][vc_section el_class=&#8221;container-fluid&#8221;][vc_row el_class=&#8221;container m-auto&#8221;][vc_column]\n            <div class=\"my-3 my-md-0 micss\">\n                <div class=\"intro  footer der\">\n                    <div class=\"conte-map\" style=\"background-color:#ffffff ;\">\n                                    <h2 class=\"h5\">Hospital San Jos\u00e9 Obreg\u00f3n<\/h2>\n                                    <a class=\"btn-principal\" href=\"\/obregon\/contacto\/\" >Cont\u00e1ctanos<\/a>\n                                <\/div>\n                    <img decoding=\"async\" class=\"intro-img img-fluid my-0 mb-lg-0\" src=\"https:\/\/grupomedicosanjose.com\/obregon\/wp-content\/uploads\/sites\/8\/2023\/07\/obregon.jpg\" alt=\"\" \/>\n                     <div class=\"intro-text footer text-start  p-4 \" style=\"background-color:#ffffff ;\">\n                                <p class=\"h4\">Cont\u00e1ctanos<\/p>\n                                <strong>Coahuila No. 263 Sur, Cd. Obreg\u00f3n, Sonora. C.P 85000<\/strong><\/p>\n<p><strong>Tel\u00e9fonos:<\/strong> (644) 410 9570<\/p>\n<p><strong>Celular:<\/strong> (644) 139 04 38\n                            <\/div>\n                <\/div>\n            <\/div>\n        [\/vc_column][\/vc_row][\/vc_section]<\/p>\n","protected":false},"excerpt":{"rendered":"<p>[vc_section el_class=&#8221;container-fluid&#8221;][vc_row el_class=&#8221;container m-auto&#8221;][vc_column width=&#8221;9\/12&#8243;][vc_empty_space height=&#8221;120px&#8221; el_class=&#8221;d-none d-md-block&#8221;][\/vc_column][vc_column width=&#8221;3\/12&#8243;][\/vc_column][\/vc_row][\/vc_section][vc_section css=&#8221;.vc_custom_1682445261025{background-color: #f7f7f7 !important;}&#8221; el_class=&#8221;container-fluid&#8221;][vc_row el_class=&#8221;container m-auto&#8221;][vc_column width=&#8221;9\/12&#8243;][vc_row_inner][vc_column_inner width=&#8221;1\/2&#8243;][vc_column_text] Hospital Certificado. Tecnolog\u00eda de Punta. \u00danica Unidad de Cuidados Intensivos Neonatales y Pedi\u00e1tricos de la Ciudad. [\/vc_column_text][\/vc_column_inner][vc_column_inner width=&#8221;1\/2&#8243;][vc_column_text] Equipo Multidisciplinario al cuidado del beb\u00e9 las 24 horas del d\u00eda. Atenci\u00f3n M\u00e9dica Especializada 24\/7. [\/vc_column_text][\/vc_column_inner][\/vc_row_inner][\/vc_column][vc_column width=&#8221;3\/12&#8243;][\/vc_column][\/vc_row][\/vc_section][vc_section el_class=&#8221;container-fluid&#8221;][vc_row el_class=&#8221;container m-auto&#8221;][vc_column [&#8230;]<\/p>\n<p><a class=\"btn btn-secondary understrap-read-more-link\" href=\"https:\/\/grupomedicosanjose.com\/obregon\/unidad-de-cuidados-intensivos-neonatales-2\/\">Read More&#8230;<span class=\"screen-reader-text\"> from Unidad de Cuidados Intensivos Neonatales<\/span><\/a><\/p>\n","protected":false},"author":5,"featured_media":1988,"parent":0,"menu_order":0,"comment_status":"closed","ping_status":"closed","template":"templates\/plantilla-general.php","meta":{"_acf_changed":false,"footnotes":""},"class_list":["post-1985","page","type-page","status-publish","has-post-thumbnail","hentry"],"acf":[],"yoast_head":"<!-- This site is optimized with the Yoast SEO plugin v27.1.1 - https:\/\/yoast.com\/product\/yoast-seo-wordpress\/ -->\n<title>Unidad de Cuidados Intensivos Neonatales - Hospital San Jos\u00e9 Cd Obreg\u00f3n<\/title>\n<meta name=\"robots\" content=\"index, follow, max-snippet:-1, max-image-preview:large, max-video-preview:-1\" \/>\n<link rel=\"canonical\" href=\"https:\/\/grupomedicosanjose.com\/obregon\/unidad-de-cuidados-intensivos-neonatales-2\/\" \/>\n<meta property=\"og:locale\" content=\"es_MX\" \/>\n<meta property=\"og:type\" content=\"article\" \/>\n<meta property=\"og:title\" content=\"Unidad de Cuidados Intensivos Neonatales - Hospital San Jos\u00e9 Cd Obreg\u00f3n\" \/>\n<meta property=\"og:description\" content=\"[vc_section el_class=&#8221;container-fluid&#8221;][vc_row el_class=&#8221;container m-auto&#8221;][vc_column width=&#8221;9\/12&#8243;][vc_empty_space height=&#8221;120px&#8221; el_class=&#8221;d-none d-md-block&#8221;][\/vc_column][vc_column width=&#8221;3\/12&#8243;][\/vc_column][\/vc_row][\/vc_section][vc_section css=&#8221;.vc_custom_1682445261025{background-color: #f7f7f7 !important;}&#8221; el_class=&#8221;container-fluid&#8221;][vc_row el_class=&#8221;container m-auto&#8221;][vc_column width=&#8221;9\/12&#8243;][vc_row_inner][vc_column_inner width=&#8221;1\/2&#8243;][vc_column_text] Hospital Certificado. Tecnolog\u00eda de Punta. \u00danica Unidad de Cuidados Intensivos Neonatales y Pedi\u00e1tricos de la Ciudad. [\/vc_column_text][\/vc_column_inner][vc_column_inner width=&#8221;1\/2&#8243;][vc_column_text] Equipo Multidisciplinario al cuidado del beb\u00e9 las 24 horas del d\u00eda. Atenci\u00f3n M\u00e9dica Especializada 24\/7. [\/vc_column_text][\/vc_column_inner][\/vc_row_inner][\/vc_column][vc_column width=&#8221;3\/12&#8243;][\/vc_column][\/vc_row][\/vc_section][vc_section el_class=&#8221;container-fluid&#8221;][vc_row el_class=&#8221;container m-auto&#8221;][vc_column [...]Read More... from Unidad de Cuidados Intensivos Neonatales\" \/>\n<meta property=\"og:url\" content=\"https:\/\/grupomedicosanjose.com\/obregon\/unidad-de-cuidados-intensivos-neonatales-2\/\" \/>\n<meta property=\"og:site_name\" content=\"Hospital San Jos\u00e9 Cd Obreg\u00f3n\" \/>\n<meta property=\"article:modified_time\" content=\"2023-10-09T17:16:31+00:00\" \/>\n<meta property=\"og:image\" content=\"https:\/\/grupomedicosanjose.com\/obregon\/wp-content\/uploads\/sites\/8\/2023\/10\/UCIN-4.jpg\" \/>\n\t<meta property=\"og:image:width\" content=\"2500\" \/>\n\t<meta property=\"og:image:height\" content=\"1669\" \/>\n\t<meta property=\"og:image:type\" content=\"image\/jpeg\" \/>\n<meta name=\"twitter:card\" content=\"summary_large_image\" \/>\n<meta name=\"twitter:label1\" content=\"Tiempo de lectura\" \/>\n\t<meta name=\"twitter:data1\" content=\"2 minutos\" \/>\n<script type=\"application\/ld+json\" class=\"yoast-schema-graph\">{\"@context\":\"https:\/\/schema.org\",\"@graph\":[{\"@type\":\"WebPage\",\"@id\":\"https:\/\/grupomedicosanjose.com\/obregon\/unidad-de-cuidados-intensivos-neonatales-2\/\",\"url\":\"https:\/\/grupomedicosanjose.com\/obregon\/unidad-de-cuidados-intensivos-neonatales-2\/\",\"name\":\"Unidad de Cuidados Intensivos Neonatales - Hospital San Jos\u00e9 Cd Obreg\u00f3n\",\"isPartOf\":{\"@id\":\"https:\/\/grupomedicosanjose.com\/obregon\/#website\"},\"primaryImageOfPage\":{\"@id\":\"https:\/\/grupomedicosanjose.com\/obregon\/unidad-de-cuidados-intensivos-neonatales-2\/#primaryimage\"},\"image\":{\"@id\":\"https:\/\/grupomedicosanjose.com\/obregon\/unidad-de-cuidados-intensivos-neonatales-2\/#primaryimage\"},\"thumbnailUrl\":\"https:\/\/grupomedicosanjose.com\/obregon\/wp-content\/uploads\/sites\/8\/2023\/10\/UCIN-4.jpg\",\"datePublished\":\"2023-10-09T17:11:39+00:00\",\"dateModified\":\"2023-10-09T17:16:31+00:00\",\"breadcrumb\":{\"@id\":\"https:\/\/grupomedicosanjose.com\/obregon\/unidad-de-cuidados-intensivos-neonatales-2\/#breadcrumb\"},\"inLanguage\":\"es\",\"potentialAction\":[{\"@type\":\"ReadAction\",\"target\":[\"https:\/\/grupomedicosanjose.com\/obregon\/unidad-de-cuidados-intensivos-neonatales-2\/\"]}]},{\"@type\":\"ImageObject\",\"inLanguage\":\"es\",\"@id\":\"https:\/\/grupomedicosanjose.com\/obregon\/unidad-de-cuidados-intensivos-neonatales-2\/#primaryimage\",\"url\":\"https:\/\/grupomedicosanjose.com\/obregon\/wp-content\/uploads\/sites\/8\/2023\/10\/UCIN-4.jpg\",\"contentUrl\":\"https:\/\/grupomedicosanjose.com\/obregon\/wp-content\/uploads\/sites\/8\/2023\/10\/UCIN-4.jpg\",\"width\":2500,\"height\":1669},{\"@type\":\"BreadcrumbList\",\"@id\":\"https:\/\/grupomedicosanjose.com\/obregon\/unidad-de-cuidados-intensivos-neonatales-2\/#breadcrumb\",\"itemListElement\":[{\"@type\":\"ListItem\",\"position\":1,\"name\":\"Home\",\"item\":\"https:\/\/grupomedicosanjose.com\/obregon\/\"},{\"@type\":\"ListItem\",\"position\":2,\"name\":\"Unidad de Cuidados Intensivos Neonatales\"}]},{\"@type\":\"WebSite\",\"@id\":\"https:\/\/grupomedicosanjose.com\/obregon\/#website\",\"url\":\"https:\/\/grupomedicosanjose.com\/obregon\/\",\"name\":\"Hospital San Jos\u00e9 Cd Obreg\u00f3n\",\"description\":\"\",\"publisher\":{\"@id\":\"https:\/\/grupomedicosanjose.com\/obregon\/#organization\"},\"potentialAction\":[{\"@type\":\"SearchAction\",\"target\":{\"@type\":\"EntryPoint\",\"urlTemplate\":\"https:\/\/grupomedicosanjose.com\/obregon\/?s={search_term_string}\"},\"query-input\":{\"@type\":\"PropertyValueSpecification\",\"valueRequired\":true,\"valueName\":\"search_term_string\"}}],\"inLanguage\":\"es\"},{\"@type\":\"Organization\",\"@id\":\"https:\/\/grupomedicosanjose.com\/obregon\/#organization\",\"name\":\"Hospital San Jos\u00e9 Cd Obreg\u00f3n\",\"url\":\"https:\/\/grupomedicosanjose.com\/obregon\/\",\"logo\":{\"@type\":\"ImageObject\",\"inLanguage\":\"es\",\"@id\":\"https:\/\/grupomedicosanjose.com\/obregon\/#\/schema\/logo\/image\/\",\"url\":\"https:\/\/grupomedicosanjose.com\/obregon\/wp-content\/uploads\/sites\/8\/2026\/03\/logo-hsjo.png\",\"contentUrl\":\"https:\/\/grupomedicosanjose.com\/obregon\/wp-content\/uploads\/sites\/8\/2026\/03\/logo-hsjo.png\",\"width\":58,\"height\":76,\"caption\":\"Hospital San Jos\u00e9 Cd Obreg\u00f3n\"},\"image\":{\"@id\":\"https:\/\/grupomedicosanjose.com\/obregon\/#\/schema\/logo\/image\/\"}}]}<\/script>\n<!-- \/ Yoast SEO plugin. -->","yoast_head_json":{"title":"Unidad de Cuidados Intensivos Neonatales - Hospital San Jos\u00e9 Cd Obreg\u00f3n","robots":{"index":"index","follow":"follow","max-snippet":"max-snippet:-1","max-image-preview":"max-image-preview:large","max-video-preview":"max-video-preview:-1"},"canonical":"https:\/\/grupomedicosanjose.com\/obregon\/unidad-de-cuidados-intensivos-neonatales-2\/","og_locale":"es_MX","og_type":"article","og_title":"Unidad de Cuidados Intensivos Neonatales - Hospital San Jos\u00e9 Cd Obreg\u00f3n","og_description":"[vc_section el_class=&#8221;container-fluid&#8221;][vc_row el_class=&#8221;container m-auto&#8221;][vc_column width=&#8221;9\/12&#8243;][vc_empty_space height=&#8221;120px&#8221; el_class=&#8221;d-none d-md-block&#8221;][\/vc_column][vc_column width=&#8221;3\/12&#8243;][\/vc_column][\/vc_row][\/vc_section][vc_section css=&#8221;.vc_custom_1682445261025{background-color: #f7f7f7 !important;}&#8221; el_class=&#8221;container-fluid&#8221;][vc_row el_class=&#8221;container m-auto&#8221;][vc_column width=&#8221;9\/12&#8243;][vc_row_inner][vc_column_inner width=&#8221;1\/2&#8243;][vc_column_text] Hospital Certificado. Tecnolog\u00eda de Punta. \u00danica Unidad de Cuidados Intensivos Neonatales y Pedi\u00e1tricos de la Ciudad. [\/vc_column_text][\/vc_column_inner][vc_column_inner width=&#8221;1\/2&#8243;][vc_column_text] Equipo Multidisciplinario al cuidado del beb\u00e9 las 24 horas del d\u00eda. Atenci\u00f3n M\u00e9dica Especializada 24\/7. [\/vc_column_text][\/vc_column_inner][\/vc_row_inner][\/vc_column][vc_column width=&#8221;3\/12&#8243;][\/vc_column][\/vc_row][\/vc_section][vc_section el_class=&#8221;container-fluid&#8221;][vc_row el_class=&#8221;container m-auto&#8221;][vc_column [...]Read More... from Unidad de Cuidados Intensivos Neonatales","og_url":"https:\/\/grupomedicosanjose.com\/obregon\/unidad-de-cuidados-intensivos-neonatales-2\/","og_site_name":"Hospital San Jos\u00e9 Cd Obreg\u00f3n","article_modified_time":"2023-10-09T17:16:31+00:00","og_image":[{"width":2500,"height":1669,"url":"https:\/\/grupomedicosanjose.com\/obregon\/wp-content\/uploads\/sites\/8\/2023\/10\/UCIN-4.jpg","type":"image\/jpeg"}],"twitter_card":"summary_large_image","twitter_misc":{"Tiempo de lectura":"2 minutos"},"schema":{"@context":"https:\/\/schema.org","@graph":[{"@type":"WebPage","@id":"https:\/\/grupomedicosanjose.com\/obregon\/unidad-de-cuidados-intensivos-neonatales-2\/","url":"https:\/\/grupomedicosanjose.com\/obregon\/unidad-de-cuidados-intensivos-neonatales-2\/","name":"Unidad de Cuidados Intensivos Neonatales - Hospital San Jos\u00e9 Cd Obreg\u00f3n","isPartOf":{"@id":"https:\/\/grupomedicosanjose.com\/obregon\/#website"},"primaryImageOfPage":{"@id":"https:\/\/grupomedicosanjose.com\/obregon\/unidad-de-cuidados-intensivos-neonatales-2\/#primaryimage"},"image":{"@id":"https:\/\/grupomedicosanjose.com\/obregon\/unidad-de-cuidados-intensivos-neonatales-2\/#primaryimage"},"thumbnailUrl":"https:\/\/grupomedicosanjose.com\/obregon\/wp-content\/uploads\/sites\/8\/2023\/10\/UCIN-4.jpg","datePublished":"2023-10-09T17:11:39+00:00","dateModified":"2023-10-09T17:16:31+00:00","breadcrumb":{"@id":"https:\/\/grupomedicosanjose.com\/obregon\/unidad-de-cuidados-intensivos-neonatales-2\/#breadcrumb"},"inLanguage":"es","potentialAction":[{"@type":"ReadAction","target":["https:\/\/grupomedicosanjose.com\/obregon\/unidad-de-cuidados-intensivos-neonatales-2\/"]}]},{"@type":"ImageObject","inLanguage":"es","@id":"https:\/\/grupomedicosanjose.com\/obregon\/unidad-de-cuidados-intensivos-neonatales-2\/#primaryimage","url":"https:\/\/grupomedicosanjose.com\/obregon\/wp-content\/uploads\/sites\/8\/2023\/10\/UCIN-4.jpg","contentUrl":"https:\/\/grupomedicosanjose.com\/obregon\/wp-content\/uploads\/sites\/8\/2023\/10\/UCIN-4.jpg","width":2500,"height":1669},{"@type":"BreadcrumbList","@id":"https:\/\/grupomedicosanjose.com\/obregon\/unidad-de-cuidados-intensivos-neonatales-2\/#breadcrumb","itemListElement":[{"@type":"ListItem","position":1,"name":"Home","item":"https:\/\/grupomedicosanjose.com\/obregon\/"},{"@type":"ListItem","position":2,"name":"Unidad de Cuidados Intensivos Neonatales"}]},{"@type":"WebSite","@id":"https:\/\/grupomedicosanjose.com\/obregon\/#website","url":"https:\/\/grupomedicosanjose.com\/obregon\/","name":"Hospital San Jos\u00e9 Cd Obreg\u00f3n","description":"","publisher":{"@id":"https:\/\/grupomedicosanjose.com\/obregon\/#organization"},"potentialAction":[{"@type":"SearchAction","target":{"@type":"EntryPoint","urlTemplate":"https:\/\/grupomedicosanjose.com\/obregon\/?s={search_term_string}"},"query-input":{"@type":"PropertyValueSpecification","valueRequired":true,"valueName":"search_term_string"}}],"inLanguage":"es"},{"@type":"Organization","@id":"https:\/\/grupomedicosanjose.com\/obregon\/#organization","name":"Hospital San Jos\u00e9 Cd Obreg\u00f3n","url":"https:\/\/grupomedicosanjose.com\/obregon\/","logo":{"@type":"ImageObject","inLanguage":"es","@id":"https:\/\/grupomedicosanjose.com\/obregon\/#\/schema\/logo\/image\/","url":"https:\/\/grupomedicosanjose.com\/obregon\/wp-content\/uploads\/sites\/8\/2026\/03\/logo-hsjo.png","contentUrl":"https:\/\/grupomedicosanjose.com\/obregon\/wp-content\/uploads\/sites\/8\/2026\/03\/logo-hsjo.png","width":58,"height":76,"caption":"Hospital San Jos\u00e9 Cd Obreg\u00f3n"},"image":{"@id":"https:\/\/grupomedicosanjose.com\/obregon\/#\/schema\/logo\/image\/"}}]}},"_links":{"self":[{"href":"https:\/\/grupomedicosanjose.com\/obregon\/wp-json\/wp\/v2\/pages\/1985","targetHints":{"allow":["GET"]}}],"collection":[{"href":"https:\/\/grupomedicosanjose.com\/obregon\/wp-json\/wp\/v2\/pages"}],"about":[{"href":"https:\/\/grupomedicosanjose.com\/obregon\/wp-json\/wp\/v2\/types\/page"}],"author":[{"embeddable":true,"href":"https:\/\/grupomedicosanjose.com\/obregon\/wp-json\/wp\/v2\/users\/5"}],"replies":[{"embeddable":true,"href":"https:\/\/grupomedicosanjose.com\/obregon\/wp-json\/wp\/v2\/comments?post=1985"}],"version-history":[{"count":3,"href":"https:\/\/grupomedicosanjose.com\/obregon\/wp-json\/wp\/v2\/pages\/1985\/revisions"}],"predecessor-version":[{"id":1992,"href":"https:\/\/grupomedicosanjose.com\/obregon\/wp-json\/wp\/v2\/pages\/1985\/revisions\/1992"}],"wp:featuredmedia":[{"embeddable":true,"href":"https:\/\/grupomedicosanjose.com\/obregon\/wp-json\/wp\/v2\/media\/1988"}],"wp:attachment":[{"href":"https:\/\/grupomedicosanjose.com\/obregon\/wp-json\/wp\/v2\/media?parent=1985"}],"curies":[{"name":"wp","href":"https:\/\/api.w.org\/{rel}","templated":true}]}}