{"id":1805,"date":"2023-08-23T21:30:47","date_gmt":"2023-08-23T21:30:47","guid":{"rendered":"https:\/\/sanjose.testapps.mx\/obregon\/?page_id=1805"},"modified":"2023-08-23T21:32:58","modified_gmt":"2023-08-23T21:32:58","slug":"directorio-de-areas","status":"publish","type":"page","link":"https:\/\/grupomedicosanjose.com\/obregon\/directorio-de-areas\/","title":{"rendered":"Directorio de \u00e1reas"},"content":{"rendered":"","protected":false},"excerpt":{"rendered":"<p> [&#8230;]<\/p>\n<p><a class=\"btn btn-secondary understrap-read-more-link\" href=\"https:\/\/grupomedicosanjose.com\/obregon\/directorio-de-areas\/\">Read More&#8230;<span class=\"screen-reader-text\"> from Directorio de \u00e1reas<\/span><\/a><\/p>\n","protected":false},"author":4,"featured_media":0,"parent":0,"menu_order":0,"comment_status":"closed","ping_status":"closed","template":"templates\/directorio-areas.php","meta":{"_acf_changed":false,"footnotes":""},"class_list":["post-1805","page","type-page","status-publish","hentry"],"acf":[],"yoast_head":"<!-- This site is optimized with the Yoast SEO plugin v27.1.1 - https:\/\/yoast.com\/product\/yoast-seo-wordpress\/ -->\n<title>Directorio de \u00e1reas - Hospital San Jos\u00e9 Cd Obreg\u00f3n<\/title>\n<meta name=\"robots\" content=\"index, follow, max-snippet:-1, max-image-preview:large, max-video-preview:-1\" \/>\n<link rel=\"canonical\" href=\"https:\/\/grupomedicosanjose.com\/obregon\/directorio-de-areas\/\" \/>\n<meta property=\"og:locale\" content=\"es_MX\" \/>\n<meta property=\"og:type\" content=\"article\" \/>\n<meta property=\"og:title\" content=\"Directorio de \u00e1reas - Hospital San Jos\u00e9 Cd Obreg\u00f3n\" \/>\n<meta property=\"og:description\" content=\"[...]Read More... from Directorio de \u00e1reas\" \/>\n<meta property=\"og:url\" content=\"https:\/\/grupomedicosanjose.com\/obregon\/directorio-de-areas\/\" \/>\n<meta property=\"og:site_name\" content=\"Hospital San Jos\u00e9 Cd Obreg\u00f3n\" \/>\n<meta property=\"article:modified_time\" content=\"2023-08-23T21:32:58+00:00\" \/>\n<meta name=\"twitter:card\" content=\"summary_large_image\" \/>\n<script type=\"application\/ld+json\" class=\"yoast-schema-graph\">{\"@context\":\"https:\/\/schema.org\",\"@graph\":[{\"@type\":\"WebPage\",\"@id\":\"https:\/\/grupomedicosanjose.com\/obregon\/directorio-de-areas\/\",\"url\":\"https:\/\/grupomedicosanjose.com\/obregon\/directorio-de-areas\/\",\"name\":\"Directorio de \u00e1reas - Hospital San Jos\u00e9 Cd Obreg\u00f3n\",\"isPartOf\":{\"@id\":\"https:\/\/grupomedicosanjose.com\/obregon\/#website\"},\"datePublished\":\"2023-08-23T21:30:47+00:00\",\"dateModified\":\"2023-08-23T21:32:58+00:00\",\"breadcrumb\":{\"@id\":\"https:\/\/grupomedicosanjose.com\/obregon\/directorio-de-areas\/#breadcrumb\"},\"inLanguage\":\"es\",\"potentialAction\":[{\"@type\":\"ReadAction\",\"target\":[\"https:\/\/grupomedicosanjose.com\/obregon\/directorio-de-areas\/\"]}]},{\"@type\":\"BreadcrumbList\",\"@id\":\"https:\/\/grupomedicosanjose.com\/obregon\/directorio-de-areas\/#breadcrumb\",\"itemListElement\":[{\"@type\":\"ListItem\",\"position\":1,\"name\":\"Home\",\"item\":\"https:\/\/grupomedicosanjose.com\/obregon\/\"},{\"@type\":\"ListItem\",\"position\":2,\"name\":\"Directorio de \u00e1reas\"}]},{\"@type\":\"WebSite\",\"@id\":\"https:\/\/grupomedicosanjose.com\/obregon\/#website\",\"url\":\"https:\/\/grupomedicosanjose.com\/obregon\/\",\"name\":\"Hospital San Jos\u00e9 Cd Obreg\u00f3n\",\"description\":\"\",\"publisher\":{\"@id\":\"https:\/\/grupomedicosanjose.com\/obregon\/#organization\"},\"potentialAction\":[{\"@type\":\"SearchAction\",\"target\":{\"@type\":\"EntryPoint\",\"urlTemplate\":\"https:\/\/grupomedicosanjose.com\/obregon\/?s={search_term_string}\"},\"query-input\":{\"@type\":\"PropertyValueSpecification\",\"valueRequired\":true,\"valueName\":\"search_term_string\"}}],\"inLanguage\":\"es\"},{\"@type\":\"Organization\",\"@id\":\"https:\/\/grupomedicosanjose.com\/obregon\/#organization\",\"name\":\"Hospital San Jos\u00e9 Cd Obreg\u00f3n\",\"url\":\"https:\/\/grupomedicosanjose.com\/obregon\/\",\"logo\":{\"@type\":\"ImageObject\",\"inLanguage\":\"es\",\"@id\":\"https:\/\/grupomedicosanjose.com\/obregon\/#\/schema\/logo\/image\/\",\"url\":\"https:\/\/grupomedicosanjose.com\/obregon\/wp-content\/uploads\/sites\/8\/2026\/03\/logo-hsjo.png\",\"contentUrl\":\"https:\/\/grupomedicosanjose.com\/obregon\/wp-content\/uploads\/sites\/8\/2026\/03\/logo-hsjo.png\",\"width\":58,\"height\":76,\"caption\":\"Hospital San Jos\u00e9 Cd Obreg\u00f3n\"},\"image\":{\"@id\":\"https:\/\/grupomedicosanjose.com\/obregon\/#\/schema\/logo\/image\/\"}}]}<\/script>\n<!-- \/ Yoast SEO plugin. -->","yoast_head_json":{"title":"Directorio de \u00e1reas - Hospital San Jos\u00e9 Cd Obreg\u00f3n","robots":{"index":"index","follow":"follow","max-snippet":"max-snippet:-1","max-image-preview":"max-image-preview:large","max-video-preview":"max-video-preview:-1"},"canonical":"https:\/\/grupomedicosanjose.com\/obregon\/directorio-de-areas\/","og_locale":"es_MX","og_type":"article","og_title":"Directorio de \u00e1reas - Hospital San Jos\u00e9 Cd Obreg\u00f3n","og_description":"[...]Read More... from Directorio de \u00e1reas","og_url":"https:\/\/grupomedicosanjose.com\/obregon\/directorio-de-areas\/","og_site_name":"Hospital San Jos\u00e9 Cd Obreg\u00f3n","article_modified_time":"2023-08-23T21:32:58+00:00","twitter_card":"summary_large_image","schema":{"@context":"https:\/\/schema.org","@graph":[{"@type":"WebPage","@id":"https:\/\/grupomedicosanjose.com\/obregon\/directorio-de-areas\/","url":"https:\/\/grupomedicosanjose.com\/obregon\/directorio-de-areas\/","name":"Directorio de \u00e1reas - Hospital San Jos\u00e9 Cd Obreg\u00f3n","isPartOf":{"@id":"https:\/\/grupomedicosanjose.com\/obregon\/#website"},"datePublished":"2023-08-23T21:30:47+00:00","dateModified":"2023-08-23T21:32:58+00:00","breadcrumb":{"@id":"https:\/\/grupomedicosanjose.com\/obregon\/directorio-de-areas\/#breadcrumb"},"inLanguage":"es","potentialAction":[{"@type":"ReadAction","target":["https:\/\/grupomedicosanjose.com\/obregon\/directorio-de-areas\/"]}]},{"@type":"BreadcrumbList","@id":"https:\/\/grupomedicosanjose.com\/obregon\/directorio-de-areas\/#breadcrumb","itemListElement":[{"@type":"ListItem","position":1,"name":"Home","item":"https:\/\/grupomedicosanjose.com\/obregon\/"},{"@type":"ListItem","position":2,"name":"Directorio de \u00e1reas"}]},{"@type":"WebSite","@id":"https:\/\/grupomedicosanjose.com\/obregon\/#website","url":"https:\/\/grupomedicosanjose.com\/obregon\/","name":"Hospital San Jos\u00e9 Cd Obreg\u00f3n","description":"","publisher":{"@id":"https:\/\/grupomedicosanjose.com\/obregon\/#organization"},"potentialAction":[{"@type":"SearchAction","target":{"@type":"EntryPoint","urlTemplate":"https:\/\/grupomedicosanjose.com\/obregon\/?s={search_term_string}"},"query-input":{"@type":"PropertyValueSpecification","valueRequired":true,"valueName":"search_term_string"}}],"inLanguage":"es"},{"@type":"Organization","@id":"https:\/\/grupomedicosanjose.com\/obregon\/#organization","name":"Hospital San Jos\u00e9 Cd Obreg\u00f3n","url":"https:\/\/grupomedicosanjose.com\/obregon\/","logo":{"@type":"ImageObject","inLanguage":"es","@id":"https:\/\/grupomedicosanjose.com\/obregon\/#\/schema\/logo\/image\/","url":"https:\/\/grupomedicosanjose.com\/obregon\/wp-content\/uploads\/sites\/8\/2026\/03\/logo-hsjo.png","contentUrl":"https:\/\/grupomedicosanjose.com\/obregon\/wp-content\/uploads\/sites\/8\/2026\/03\/logo-hsjo.png","width":58,"height":76,"caption":"Hospital San Jos\u00e9 Cd Obreg\u00f3n"},"image":{"@id":"https:\/\/grupomedicosanjose.com\/obregon\/#\/schema\/logo\/image\/"}}]}},"_links":{"self":[{"href":"https:\/\/grupomedicosanjose.com\/obregon\/wp-json\/wp\/v2\/pages\/1805","targetHints":{"allow":["GET"]}}],"collection":[{"href":"https:\/\/grupomedicosanjose.com\/obregon\/wp-json\/wp\/v2\/pages"}],"about":[{"href":"https:\/\/grupomedicosanjose.com\/obregon\/wp-json\/wp\/v2\/types\/page"}],"author":[{"embeddable":true,"href":"https:\/\/grupomedicosanjose.com\/obregon\/wp-json\/wp\/v2\/users\/4"}],"replies":[{"embeddable":true,"href":"https:\/\/grupomedicosanjose.com\/obregon\/wp-json\/wp\/v2\/comments?post=1805"}],"version-history":[{"count":1,"href":"https:\/\/grupomedicosanjose.com\/obregon\/wp-json\/wp\/v2\/pages\/1805\/revisions"}],"predecessor-version":[{"id":1806,"href":"https:\/\/grupomedicosanjose.com\/obregon\/wp-json\/wp\/v2\/pages\/1805\/revisions\/1806"}],"wp:attachment":[{"href":"https:\/\/grupomedicosanjose.com\/obregon\/wp-json\/wp\/v2\/media?parent=1805"}],"curies":[{"name":"wp","href":"https:\/\/api.w.org\/{rel}","templated":true}]}}