{"id":1450,"date":"2023-06-26T15:11:02","date_gmt":"2023-06-26T15:11:02","guid":{"rendered":"https:\/\/sanjose.testapps.mx\/obregon\/?page_id=1450"},"modified":"2024-02-08T17:33:29","modified_gmt":"2024-02-08T17:33:29","slug":"unidad-de-urodinamia","status":"publish","type":"page","link":"https:\/\/grupomedicosanjose.com\/obregon\/unidad-de-urodinamia\/","title":{"rendered":"Unidad de Urodinamia"},"content":{"rendered":"<p>[vc_section el_class=&#8221;container-fluid&#8221;][vc_row el_class=&#8221;container m-auto&#8221;][vc_column width=&#8221;9\/12&#8243;]\n            <div class=\"contenedor-titulo-destacado titulo-oculto \">\n                <p id=\"urodinamia\" class=\" text-start contenido\">\n                    Unidad de Urodinamia\n                <\/p>\n            <\/div>\n        \n            <div class=\"my-3 my-md-0 micss\">\n                <div class=\"intro  inf izq\">\n                    \n                    <img decoding=\"async\" class=\"intro-img img-fluid my-0 mb-lg-0\" src=\"https:\/\/grupomedicosanjose.com\/obregon\/wp-content\/uploads\/sites\/8\/2024\/02\/EQUIPO-URODINAMIA.png\" alt=\"\" \/>\n                     <div class=\"intro-text inf text-start  p-4 \" style=\"background-color:#ffffff ;\"> \n                                \n                                \n\n                                <div class=\"my-3 contenido-desfazado\">\n                                Estudio a trav\u00e9s de equipo especializado que mide y eval\u00faa la funci\u00f3n de vejiga, uretra y el esf\u00ednter urinario.<\/p>\n<p><a style=\"color: #fff; background-color: #852328; padding: 5px 10px; border-radius: 1rem; margin-top: 1rem; display: inline-block;\" href=\"#beneficios\">Conoce m\u00e1s <\/a>\n                                <\/div>\n\n                                \n                            <\/div> \n                <\/div>\n            <\/div>\n        [vc_empty_space height=&#8221;13rem&#8221; el_class=&#8221;d-none d-md-block&#8221;][\/vc_column][vc_column width=&#8221;3\/12&#8243;]\n                       \n        <style type=\"text\/css\">\n\n            .menu-lateral {\n                background-color: #852328;\n                color: #fff;\n                width: 240px;\n                z-index: 1;\n            }\n\n        <\/style>\n       \n                <div class=\"d-none d-md-flex \">\n                    <div class=\"menu-lateral p-3\">\n                        <ul id=\"menu\">\n\n                        <\/ul>\n                    <\/div>\n                <\/div>\n        [\/vc_column][\/vc_row][\/vc_section][vc_section el_class=&#8221;container-fluid&#8221;][vc_row el_class=&#8221;container m-auto&#8221;][vc_column width=&#8221;9\/12&#8243;][vc_row_inner][vc_column_inner width=&#8221;1\/2&#8243;][vc_single_image image=&#8221;1451&#8243; img_size=&#8221;full&#8221;][\/vc_column_inner][vc_column_inner width=&#8221;1\/2&#8243;]\n            <div class=\"contenedor-titulo-destacado mb-3 h3 \">\n                <p id=\"beneficios\" class=\" text-start contenido\">\n                    Beneficios\n                <\/p>\n            <\/div>\n        [vc_column_text]Algunos de los principales beneficios que un procedimiento de urodinamia puede ofrecer al paciente son:<\/p>\n<p><strong>Diagn\u00f3stico preciso<\/strong><br \/>\nPuede ayudar a identificar la causa subyacente de los s\u00edntomas urinarios del paciente, lo que permite al m\u00e9dico prescribir un tratamiento m\u00e1s efectivo.<\/p>\n<p><strong>Personalizaci\u00f3n del tratamiento<\/strong><br \/>\nLa informaci\u00f3n obtenida durante el estudio puede ser utilizada para personalizar el tratamiento para el paciente. Esto puede incluir terapia de comportamiento, medicamentos o incluso cirug\u00eda.<\/p>\n<p><strong>Identificaci\u00f3n de problemas ocultos<\/strong><br \/>\nPuede ayudar a identificar problemas en la vejiga o la uretra que no son evidentes en otros ex\u00e1menes, lo que puede ser importante para la planificaci\u00f3n del tratamiento y la prevenci\u00f3n de complicaciones.<\/p>\n<p><strong>Reducci\u00f3n del estr\u00e9s emocional<\/strong><br \/>\nPara muchos pacientes, puede ser un procedimiento estresante. Sin embargo, al recibir un diagn\u00f3stico preciso y un plan de tratamiento personalizado, muchos pacientes pueden sentir un alivio emocional significativo.<\/p>\n<p><strong>Mejora de la calidad de vida<\/strong><br \/>\nAl mejorar los s\u00edntomas urinarios, la urodinamia puede mejorar significativamente la calidad de vida del paciente. Esto puede incluir una mayor comodidad y una mejor capacidad para realizar actividades diarias.[\/vc_column_text][\/vc_column_inner][\/vc_row_inner][vc_empty_space][\/vc_column][vc_column width=&#8221;3\/12&#8243;][\/vc_column][\/vc_row][\/vc_section][vc_section el_class=&#8221;container-fluid&#8221;][vc_row el_class=&#8221;container m-auto&#8221;][vc_column width=&#8221;9\/12&#8243;][vc_row_inner][vc_column_inner width=&#8221;1\/2&#8243;]\n            <div class=\"contenedor-titulo-destacado mb-3 h3 \">\n                <p id=\"procedimiento\" class=\" text-start contenido\">\n                    \u00bfC\u00f3mo se realiza el procedimiento?\n                <\/p>\n            <\/div>\n        [vc_column_text]Durante el estudio de urodinamia, el paciente es evaluado por un profesional de la salud y se le explican los procedimientos que se llevar\u00e1n a cabo.<\/p>\n<p>Luego se coloca al paciente en una camilla y se le inserta un cat\u00e9ter urinario delgado y poco molesto por donde orina para medir la presi\u00f3n de la vejiga.<\/p>\n<p>Tambi\u00e9n se puede colocar un sensor electromiogr\u00e1fico en el \u00e1rea del esf\u00ednter urinario para medir la actividad muscular.<\/p>\n<p>Todo esto lo efect\u00faa una enfermera entrenada para colocar los electrodos, durante el procedimiento tambi\u00e9n est\u00e1 presente el ur\u00f3logo urodinamista que eval\u00faa y realiza el diagn\u00f3stico al paciente.[\/vc_column_text][\/vc_column_inner][vc_column_inner width=&#8221;1\/2&#8243;]\n            <div class=\"contenedor-titulo-destacado mb-3 h3 \">\n                <p id=\"prepararme\" class=\" text-start contenido\">\n                    \u00bfC\u00f3mo debo prepararme?\n                <\/p>\n            <\/div>\n        [vc_column_text]<\/p>\n<ul>\n<li>Es importante que venga con ganas de orinar.<\/li>\n<li>Es preferible que coma o beba algo antes. No es necesario venir en ayunas.<\/li>\n<li>Presentar los informes de enfermedades y prospectos de los medicamentos que est\u00e1 tomando.<\/li>\n<\/ul>\n<p>[\/vc_column_text][\/vc_column_inner][\/vc_row_inner][vc_empty_space][\/vc_column][vc_column width=&#8221;3\/12&#8243;][\/vc_column][\/vc_row][\/vc_section][vc_section el_class=&#8221;container-fluid&#8221;][vc_row el_class=&#8221;container m-auto&#8221;][vc_column width=&#8221;9\/12&#8243;]\n            <div class=\"contenedor-titulo-destacado mb-3 h3 \">\n                <p id=\"principales-padecimientos\" class=\" text-start contenido\">\n                    Principales Padecimientos Diagnosticados\n                <\/p>\n            <\/div>\n        [vc_row_inner][vc_column_inner width=&#8221;1\/3&#8243;]\n            <div class=\"my-3 cuadrilla-serv scale-on-hover\">\n                    <img decoding=\"async\" class=\"img-serv w-100 img-fluid\" src=\"https:\/\/grupomedicosanjose.com\/obregon\/wp-content\/uploads\/sites\/8\/2023\/06\/incontinencia-urinaria.png\" alt=\"Incontinencia urinaria\">\n                    <div class=\"rec-serv d-flex align-items-center justify-content-center \" style=\"background-color:#852328d9;\">\n                        <p class=\"text-center fw-bold mb-0 h5\">Incontinencia urinaria<\/p>\n                        \n                    <\/div>\n            <\/div>\n            [\/vc_column_inner][vc_column_inner width=&#8221;1\/3&#8243;]\n            <div class=\"my-3 cuadrilla-serv scale-on-hover\">\n                    <img decoding=\"async\" class=\"img-serv w-100 img-fluid\" src=\"https:\/\/grupomedicosanjose.com\/obregon\/wp-content\/uploads\/sites\/8\/2023\/06\/disfuncion-del-esfinter-externo.png\" alt=\"Disfunci\u00f3n del esf\u00ednter externo\">\n                    <div class=\"rec-serv d-flex align-items-center justify-content-center \" style=\"background-color:#852328d9;\">\n                        <p class=\"text-center fw-bold mb-0 h5\">Disfunci\u00f3n del esf\u00ednter externo<\/p>\n                        \n                    <\/div>\n            <\/div>\n            [\/vc_column_inner][vc_column_inner width=&#8221;1\/3&#8243;]\n            <div class=\"my-3 cuadrilla-serv scale-on-hover\">\n                    <img decoding=\"async\" class=\"img-serv w-100 img-fluid\" src=\"https:\/\/grupomedicosanjose.com\/obregon\/wp-content\/uploads\/sites\/8\/2023\/06\/Retencion-urinaria.png\" alt=\"Retenci\u00f3n urinaria\">\n                    <div class=\"rec-serv d-flex align-items-center justify-content-center \" style=\"background-color:#852328d9;\">\n                        <p class=\"text-center fw-bold mb-0 h5\">Retenci\u00f3n urinaria<\/p>\n                        \n                    <\/div>\n            <\/div>\n            [\/vc_column_inner][\/vc_row_inner][vc_row_inner][vc_column_inner width=&#8221;1\/3&#8243;]\n            <div class=\"my-3 cuadrilla-serv scale-on-hover\">\n                    <img decoding=\"async\" class=\"img-serv w-100 img-fluid\" src=\"https:\/\/grupomedicosanjose.com\/obregon\/wp-content\/uploads\/sites\/8\/2023\/06\/Estenosis-uretral.png\" alt=\"Estenosis uretral\">\n                    <div class=\"rec-serv d-flex align-items-center justify-content-center \" style=\"background-color:#852328d9;\">\n                        <p class=\"text-center fw-bold mb-0 h5\">Estenosis uretral<\/p>\n                        \n                    <\/div>\n            <\/div>\n            [\/vc_column_inner][vc_column_inner width=&#8221;1\/3&#8243;]\n            <div class=\"my-3 cuadrilla-serv scale-on-hover\">\n                    <img decoding=\"async\" class=\"img-serv w-100 img-fluid\" src=\"https:\/\/grupomedicosanjose.com\/obregon\/wp-content\/uploads\/sites\/8\/2023\/06\/Tipo-de-vejiga-neurogenica-espastica-hipotonica-hiperactiva.png\" alt=\"Tipo de vejiga neurog\u00e9nica (esp\u00e1stica, hipot\u00f3nica, hiperactiva)\">\n                    <div class=\"rec-serv d-flex align-items-center justify-content-center \" style=\"background-color:#852328d9;\">\n                        <p class=\"text-center fw-bold mb-0 h5\">Tipo de vejiga neurog\u00e9nica (esp\u00e1stica, hipot\u00f3nica, hiperactiva)<\/p>\n                        \n                    <\/div>\n            <\/div>\n            [\/vc_column_inner][vc_column_inner width=&#8221;1\/3&#8243;]\n            <div class=\"my-3 cuadrilla-serv scale-on-hover\">\n                    <img decoding=\"async\" class=\"img-serv w-100 img-fluid\" src=\"https:\/\/grupomedicosanjose.com\/obregon\/wp-content\/uploads\/sites\/8\/2023\/06\/prolapso-de-organos-pelvicos.png\" alt=\"Prolapso de \u00f3rganos p\u00e9lvicos\">\n                    <div class=\"rec-serv d-flex align-items-center justify-content-center \" style=\"background-color:#852328d9;\">\n                        <p class=\"text-center fw-bold mb-0 h5\">Prolapso de \u00f3rganos p\u00e9lvicos<\/p>\n                        \n                    <\/div>\n            <\/div>\n            [\/vc_column_inner][\/vc_row_inner][vc_empty_space][\/vc_column][vc_column width=&#8221;3\/12&#8243;][\/vc_column][\/vc_row][\/vc_section][vc_section el_class=&#8221;container-fluid&#8221;][vc_row el_class=&#8221;container m-auto&#8221;][vc_column]\n            <div class=\"my-3 my-md-0 micss\">\n                <div class=\"intro  footer der\">\n                    <div class=\"conte-map\" style=\"background-color:#ffffff ;\">\n                                    <h2 class=\"h5\">Hospital San Jos\u00e9 Obreg\u00f3n<\/h2>\n                                    <a class=\"btn-principal\" href=\"\/obregon\/contacto\/\" >Cont\u00e1ctanos<\/a>\n                                <\/div>\n                    <img decoding=\"async\" class=\"intro-img img-fluid my-0 mb-lg-0\" src=\"https:\/\/grupomedicosanjose.com\/obregon\/wp-content\/uploads\/sites\/8\/2023\/07\/obregon.jpg\" alt=\"\" \/>\n                     <div class=\"intro-text footer text-start  p-4 \" style=\"background-color:#ffffff ;\">\n                                <p class=\"h4\">Cont\u00e1ctanos<\/p>\n                                <strong>No reelecci\u00f3n esq. con Coahuila s\/n, Col. Centro, Cd. Obreg\u00f3n, Sonora. C.P 85000<\/strong><\/p>\n<p><strong>Tel\u00e9fonos:<\/strong> (644) 414 3314<\/p>\n<p><strong>Celular:<\/strong> (644) 447 1937\n                            <\/div>\n                <\/div>\n            <\/div>\n        [\/vc_column][\/vc_row][\/vc_section]<\/p>\n","protected":false},"excerpt":{"rendered":"<p>[vc_section el_class=&#8221;container-fluid&#8221;][vc_row el_class=&#8221;container m-auto&#8221;][vc_column width=&#8221;9\/12&#8243;][vc_empty_space height=&#8221;13rem&#8221; el_class=&#8221;d-none d-md-block&#8221;][\/vc_column][vc_column width=&#8221;3\/12&#8243;][\/vc_column][\/vc_row][\/vc_section][vc_section el_class=&#8221;container-fluid&#8221;][vc_row el_class=&#8221;container m-auto&#8221;][vc_column width=&#8221;9\/12&#8243;][vc_row_inner][vc_column_inner width=&#8221;1\/2&#8243;][vc_single_image image=&#8221;1451&#8243; img_size=&#8221;full&#8221;][\/vc_column_inner][vc_column_inner width=&#8221;1\/2&#8243;][vc_column_text]Algunos de los principales beneficios que un procedimiento de urodinamia puede ofrecer al paciente son: Diagn\u00f3stico preciso Puede ayudar a identificar la causa subyacente de los s\u00edntomas urinarios del paciente, lo que permite al m\u00e9dico prescribir un tratamiento m\u00e1s [&#8230;]<\/p>\n<p><a class=\"btn btn-secondary understrap-read-more-link\" href=\"https:\/\/grupomedicosanjose.com\/obregon\/unidad-de-urodinamia\/\">Read More&#8230;<span class=\"screen-reader-text\"> from Unidad de Urodinamia<\/span><\/a><\/p>\n","protected":false},"author":5,"featured_media":2154,"parent":0,"menu_order":0,"comment_status":"closed","ping_status":"closed","template":"templates\/plantilla-general.php","meta":{"_acf_changed":false,"footnotes":""},"class_list":["post-1450","page","type-page","status-publish","has-post-thumbnail","hentry"],"acf":[],"yoast_head":"<!-- This site is optimized with the Yoast SEO plugin v27.1.1 - https:\/\/yoast.com\/product\/yoast-seo-wordpress\/ -->\n<title>Unidad de Urodinamia - Hospital San Jos\u00e9 Cd Obreg\u00f3n<\/title>\n<meta name=\"robots\" content=\"index, follow, max-snippet:-1, max-image-preview:large, max-video-preview:-1\" \/>\n<link rel=\"canonical\" href=\"https:\/\/grupomedicosanjose.com\/obregon\/unidad-de-urodinamia\/\" \/>\n<meta property=\"og:locale\" content=\"es_MX\" \/>\n<meta property=\"og:type\" content=\"article\" \/>\n<meta property=\"og:title\" content=\"Unidad de Urodinamia - Hospital San Jos\u00e9 Cd Obreg\u00f3n\" \/>\n<meta property=\"og:description\" content=\"[vc_section el_class=&#8221;container-fluid&#8221;][vc_row el_class=&#8221;container m-auto&#8221;][vc_column width=&#8221;9\/12&#8243;][vc_empty_space height=&#8221;13rem&#8221; el_class=&#8221;d-none d-md-block&#8221;][\/vc_column][vc_column width=&#8221;3\/12&#8243;][\/vc_column][\/vc_row][\/vc_section][vc_section el_class=&#8221;container-fluid&#8221;][vc_row el_class=&#8221;container m-auto&#8221;][vc_column width=&#8221;9\/12&#8243;][vc_row_inner][vc_column_inner width=&#8221;1\/2&#8243;][vc_single_image image=&#8221;1451&#8243; img_size=&#8221;full&#8221;][\/vc_column_inner][vc_column_inner width=&#8221;1\/2&#8243;][vc_column_text]Algunos de los principales beneficios que un procedimiento de urodinamia puede ofrecer al paciente son: Diagn\u00f3stico preciso Puede ayudar a identificar la causa subyacente de los s\u00edntomas urinarios del paciente, lo que permite al m\u00e9dico prescribir un tratamiento m\u00e1s [...]Read More... from Unidad de Urodinamia\" \/>\n<meta property=\"og:url\" content=\"https:\/\/grupomedicosanjose.com\/obregon\/unidad-de-urodinamia\/\" \/>\n<meta property=\"og:site_name\" content=\"Hospital San Jos\u00e9 Cd Obreg\u00f3n\" \/>\n<meta property=\"article:modified_time\" content=\"2024-02-08T17:33:29+00:00\" \/>\n<meta property=\"og:image\" content=\"https:\/\/grupomedicosanjose.com\/obregon\/wp-content\/uploads\/sites\/8\/2024\/02\/EQUIPO-URODINAMIA.png\" \/>\n\t<meta property=\"og:image:width\" content=\"1920\" \/>\n\t<meta property=\"og:image:height\" content=\"1080\" \/>\n\t<meta property=\"og:image:type\" content=\"image\/png\" \/>\n<meta name=\"twitter:card\" content=\"summary_large_image\" \/>\n<meta name=\"twitter:label1\" content=\"Tiempo de lectura\" \/>\n\t<meta name=\"twitter:data1\" content=\"3 minutos\" \/>\n<script type=\"application\/ld+json\" class=\"yoast-schema-graph\">{\"@context\":\"https:\/\/schema.org\",\"@graph\":[{\"@type\":\"WebPage\",\"@id\":\"https:\/\/grupomedicosanjose.com\/obregon\/unidad-de-urodinamia\/\",\"url\":\"https:\/\/grupomedicosanjose.com\/obregon\/unidad-de-urodinamia\/\",\"name\":\"Unidad de Urodinamia - Hospital San Jos\u00e9 Cd Obreg\u00f3n\",\"isPartOf\":{\"@id\":\"https:\/\/grupomedicosanjose.com\/obregon\/#website\"},\"primaryImageOfPage\":{\"@id\":\"https:\/\/grupomedicosanjose.com\/obregon\/unidad-de-urodinamia\/#primaryimage\"},\"image\":{\"@id\":\"https:\/\/grupomedicosanjose.com\/obregon\/unidad-de-urodinamia\/#primaryimage\"},\"thumbnailUrl\":\"https:\/\/grupomedicosanjose.com\/obregon\/wp-content\/uploads\/sites\/8\/2024\/02\/EQUIPO-URODINAMIA.png\",\"datePublished\":\"2023-06-26T15:11:02+00:00\",\"dateModified\":\"2024-02-08T17:33:29+00:00\",\"breadcrumb\":{\"@id\":\"https:\/\/grupomedicosanjose.com\/obregon\/unidad-de-urodinamia\/#breadcrumb\"},\"inLanguage\":\"es\",\"potentialAction\":[{\"@type\":\"ReadAction\",\"target\":[\"https:\/\/grupomedicosanjose.com\/obregon\/unidad-de-urodinamia\/\"]}]},{\"@type\":\"ImageObject\",\"inLanguage\":\"es\",\"@id\":\"https:\/\/grupomedicosanjose.com\/obregon\/unidad-de-urodinamia\/#primaryimage\",\"url\":\"https:\/\/grupomedicosanjose.com\/obregon\/wp-content\/uploads\/sites\/8\/2024\/02\/EQUIPO-URODINAMIA.png\",\"contentUrl\":\"https:\/\/grupomedicosanjose.com\/obregon\/wp-content\/uploads\/sites\/8\/2024\/02\/EQUIPO-URODINAMIA.png\",\"width\":1920,\"height\":1080},{\"@type\":\"BreadcrumbList\",\"@id\":\"https:\/\/grupomedicosanjose.com\/obregon\/unidad-de-urodinamia\/#breadcrumb\",\"itemListElement\":[{\"@type\":\"ListItem\",\"position\":1,\"name\":\"Home\",\"item\":\"https:\/\/grupomedicosanjose.com\/obregon\/\"},{\"@type\":\"ListItem\",\"position\":2,\"name\":\"Unidad de Urodinamia\"}]},{\"@type\":\"WebSite\",\"@id\":\"https:\/\/grupomedicosanjose.com\/obregon\/#website\",\"url\":\"https:\/\/grupomedicosanjose.com\/obregon\/\",\"name\":\"Hospital San Jos\u00e9 Cd Obreg\u00f3n\",\"description\":\"\",\"publisher\":{\"@id\":\"https:\/\/grupomedicosanjose.com\/obregon\/#organization\"},\"potentialAction\":[{\"@type\":\"SearchAction\",\"target\":{\"@type\":\"EntryPoint\",\"urlTemplate\":\"https:\/\/grupomedicosanjose.com\/obregon\/?s={search_term_string}\"},\"query-input\":{\"@type\":\"PropertyValueSpecification\",\"valueRequired\":true,\"valueName\":\"search_term_string\"}}],\"inLanguage\":\"es\"},{\"@type\":\"Organization\",\"@id\":\"https:\/\/grupomedicosanjose.com\/obregon\/#organization\",\"name\":\"Hospital San Jos\u00e9 Cd Obreg\u00f3n\",\"url\":\"https:\/\/grupomedicosanjose.com\/obregon\/\",\"logo\":{\"@type\":\"ImageObject\",\"inLanguage\":\"es\",\"@id\":\"https:\/\/grupomedicosanjose.com\/obregon\/#\/schema\/logo\/image\/\",\"url\":\"https:\/\/grupomedicosanjose.com\/obregon\/wp-content\/uploads\/sites\/8\/2026\/03\/logo-hsjo.png\",\"contentUrl\":\"https:\/\/grupomedicosanjose.com\/obregon\/wp-content\/uploads\/sites\/8\/2026\/03\/logo-hsjo.png\",\"width\":58,\"height\":76,\"caption\":\"Hospital San Jos\u00e9 Cd Obreg\u00f3n\"},\"image\":{\"@id\":\"https:\/\/grupomedicosanjose.com\/obregon\/#\/schema\/logo\/image\/\"}}]}<\/script>\n<!-- \/ Yoast SEO plugin. -->","yoast_head_json":{"title":"Unidad de Urodinamia - Hospital San Jos\u00e9 Cd Obreg\u00f3n","robots":{"index":"index","follow":"follow","max-snippet":"max-snippet:-1","max-image-preview":"max-image-preview:large","max-video-preview":"max-video-preview:-1"},"canonical":"https:\/\/grupomedicosanjose.com\/obregon\/unidad-de-urodinamia\/","og_locale":"es_MX","og_type":"article","og_title":"Unidad de Urodinamia - Hospital San Jos\u00e9 Cd Obreg\u00f3n","og_description":"[vc_section el_class=&#8221;container-fluid&#8221;][vc_row el_class=&#8221;container m-auto&#8221;][vc_column width=&#8221;9\/12&#8243;][vc_empty_space height=&#8221;13rem&#8221; el_class=&#8221;d-none d-md-block&#8221;][\/vc_column][vc_column width=&#8221;3\/12&#8243;][\/vc_column][\/vc_row][\/vc_section][vc_section el_class=&#8221;container-fluid&#8221;][vc_row el_class=&#8221;container m-auto&#8221;][vc_column width=&#8221;9\/12&#8243;][vc_row_inner][vc_column_inner width=&#8221;1\/2&#8243;][vc_single_image image=&#8221;1451&#8243; img_size=&#8221;full&#8221;][\/vc_column_inner][vc_column_inner width=&#8221;1\/2&#8243;][vc_column_text]Algunos de los principales beneficios que un procedimiento de urodinamia puede ofrecer al paciente son: Diagn\u00f3stico preciso Puede ayudar a identificar la causa subyacente de los s\u00edntomas urinarios del paciente, lo que permite al m\u00e9dico prescribir un tratamiento m\u00e1s [...]Read More... from Unidad de Urodinamia","og_url":"https:\/\/grupomedicosanjose.com\/obregon\/unidad-de-urodinamia\/","og_site_name":"Hospital San Jos\u00e9 Cd Obreg\u00f3n","article_modified_time":"2024-02-08T17:33:29+00:00","og_image":[{"width":1920,"height":1080,"url":"https:\/\/grupomedicosanjose.com\/obregon\/wp-content\/uploads\/sites\/8\/2024\/02\/EQUIPO-URODINAMIA.png","type":"image\/png"}],"twitter_card":"summary_large_image","twitter_misc":{"Tiempo de lectura":"3 minutos"},"schema":{"@context":"https:\/\/schema.org","@graph":[{"@type":"WebPage","@id":"https:\/\/grupomedicosanjose.com\/obregon\/unidad-de-urodinamia\/","url":"https:\/\/grupomedicosanjose.com\/obregon\/unidad-de-urodinamia\/","name":"Unidad de Urodinamia - Hospital San Jos\u00e9 Cd Obreg\u00f3n","isPartOf":{"@id":"https:\/\/grupomedicosanjose.com\/obregon\/#website"},"primaryImageOfPage":{"@id":"https:\/\/grupomedicosanjose.com\/obregon\/unidad-de-urodinamia\/#primaryimage"},"image":{"@id":"https:\/\/grupomedicosanjose.com\/obregon\/unidad-de-urodinamia\/#primaryimage"},"thumbnailUrl":"https:\/\/grupomedicosanjose.com\/obregon\/wp-content\/uploads\/sites\/8\/2024\/02\/EQUIPO-URODINAMIA.png","datePublished":"2023-06-26T15:11:02+00:00","dateModified":"2024-02-08T17:33:29+00:00","breadcrumb":{"@id":"https:\/\/grupomedicosanjose.com\/obregon\/unidad-de-urodinamia\/#breadcrumb"},"inLanguage":"es","potentialAction":[{"@type":"ReadAction","target":["https:\/\/grupomedicosanjose.com\/obregon\/unidad-de-urodinamia\/"]}]},{"@type":"ImageObject","inLanguage":"es","@id":"https:\/\/grupomedicosanjose.com\/obregon\/unidad-de-urodinamia\/#primaryimage","url":"https:\/\/grupomedicosanjose.com\/obregon\/wp-content\/uploads\/sites\/8\/2024\/02\/EQUIPO-URODINAMIA.png","contentUrl":"https:\/\/grupomedicosanjose.com\/obregon\/wp-content\/uploads\/sites\/8\/2024\/02\/EQUIPO-URODINAMIA.png","width":1920,"height":1080},{"@type":"BreadcrumbList","@id":"https:\/\/grupomedicosanjose.com\/obregon\/unidad-de-urodinamia\/#breadcrumb","itemListElement":[{"@type":"ListItem","position":1,"name":"Home","item":"https:\/\/grupomedicosanjose.com\/obregon\/"},{"@type":"ListItem","position":2,"name":"Unidad de Urodinamia"}]},{"@type":"WebSite","@id":"https:\/\/grupomedicosanjose.com\/obregon\/#website","url":"https:\/\/grupomedicosanjose.com\/obregon\/","name":"Hospital San Jos\u00e9 Cd Obreg\u00f3n","description":"","publisher":{"@id":"https:\/\/grupomedicosanjose.com\/obregon\/#organization"},"potentialAction":[{"@type":"SearchAction","target":{"@type":"EntryPoint","urlTemplate":"https:\/\/grupomedicosanjose.com\/obregon\/?s={search_term_string}"},"query-input":{"@type":"PropertyValueSpecification","valueRequired":true,"valueName":"search_term_string"}}],"inLanguage":"es"},{"@type":"Organization","@id":"https:\/\/grupomedicosanjose.com\/obregon\/#organization","name":"Hospital San Jos\u00e9 Cd Obreg\u00f3n","url":"https:\/\/grupomedicosanjose.com\/obregon\/","logo":{"@type":"ImageObject","inLanguage":"es","@id":"https:\/\/grupomedicosanjose.com\/obregon\/#\/schema\/logo\/image\/","url":"https:\/\/grupomedicosanjose.com\/obregon\/wp-content\/uploads\/sites\/8\/2026\/03\/logo-hsjo.png","contentUrl":"https:\/\/grupomedicosanjose.com\/obregon\/wp-content\/uploads\/sites\/8\/2026\/03\/logo-hsjo.png","width":58,"height":76,"caption":"Hospital San Jos\u00e9 Cd Obreg\u00f3n"},"image":{"@id":"https:\/\/grupomedicosanjose.com\/obregon\/#\/schema\/logo\/image\/"}}]}},"_links":{"self":[{"href":"https:\/\/grupomedicosanjose.com\/obregon\/wp-json\/wp\/v2\/pages\/1450","targetHints":{"allow":["GET"]}}],"collection":[{"href":"https:\/\/grupomedicosanjose.com\/obregon\/wp-json\/wp\/v2\/pages"}],"about":[{"href":"https:\/\/grupomedicosanjose.com\/obregon\/wp-json\/wp\/v2\/types\/page"}],"author":[{"embeddable":true,"href":"https:\/\/grupomedicosanjose.com\/obregon\/wp-json\/wp\/v2\/users\/5"}],"replies":[{"embeddable":true,"href":"https:\/\/grupomedicosanjose.com\/obregon\/wp-json\/wp\/v2\/comments?post=1450"}],"version-history":[{"count":11,"href":"https:\/\/grupomedicosanjose.com\/obregon\/wp-json\/wp\/v2\/pages\/1450\/revisions"}],"predecessor-version":[{"id":2155,"href":"https:\/\/grupomedicosanjose.com\/obregon\/wp-json\/wp\/v2\/pages\/1450\/revisions\/2155"}],"wp:featuredmedia":[{"embeddable":true,"href":"https:\/\/grupomedicosanjose.com\/obregon\/wp-json\/wp\/v2\/media\/2154"}],"wp:attachment":[{"href":"https:\/\/grupomedicosanjose.com\/obregon\/wp-json\/wp\/v2\/media?parent=1450"}],"curies":[{"name":"wp","href":"https:\/\/api.w.org\/{rel}","templated":true}]}}